{"id":4263,"date":"2022-01-12T13:40:20","date_gmt":"2022-01-12T13:40:20","guid":{"rendered":"https:\/\/aquasystembih.com\/?post_type=product&#038;p=4263"},"modified":"2022-08-04T06:53:07","modified_gmt":"2022-08-04T06:53:07","slug":"h-ventil-radijatorski-ravni-arco","status":"publish","type":"product","link":"https:\/\/aquasystembih.com\/index.php\/product\/h-ventil-radijatorski-ravni-arco\/","title":{"rendered":"MT300 FERONI"},"content":{"rendered":"<p>PRIMJENA<br \/>\nPumpe su namjenjene za slede\u0107e primjene : pranje pod visokim pritiskom , pretakanje<br \/>\nneagresivne te\u010dnosti , natapanje povr\u0161ina sa ili<br \/>\nbez raspra\u0161iva\u010da , kao i za transportovanje vode na velike visinske razlike , kao i za za\u0161titno<br \/>\nprskanje (do 20 bara )sa vi\u0161e dizni.<br \/>\nRADNI USLOVI<br \/>\n-Temperature vode do 35 \u00b0 C \/ &#8211; Pijesak sadr\u017eaj max. 20 g\/m3 \/<br \/>\nMATERIJAL PUMPE<br \/>\n-Ku\u0107i\u0161te od od lijevanog \u010delika(gusa) \/- Vratilo pumpe od \u010delika\/- Radna kola \u010delik oblo\u017een<br \/>\ngumom<\/p>\n<p>Model:MT300<br \/>\nSnaga:7,5kw<br \/>\nHmax:300 m<br \/>\nQmax:20m3\/h<\/p>\n","protected":false},"excerpt":{"rendered":"<p>PRIMJENA Pumpe su namjenjene za slede\u0107e primjene : pranje pod visokim pritiskom , pretakanje neagresivne te\u010dnosti , natapanje povr\u0161ina sa ili bez raspra\u0161iva\u010da , kao i za transportovanje vode na velike visinske razlike , kao i za za\u0161titno prskanje (do 20 bara )sa vi\u0161e dizni. RADNI USLOVI -Temperature vode do 35 \u00b0 C \/ &#8211; [&hellip;]<\/p>\n","protected":false},"featured_media":4984,"template":"","meta":[],"product_cat":[224,219],"product_tag":[],"class_list":{"0":"post-4263","1":"product","2":"type-product","3":"status-publish","4":"has-post-thumbnail","6":"product_cat-kardanske-pumpe","7":"product_cat-povrsinske-pumpe","9":"first","10":"instock","11":"taxable","12":"shipping-taxable","13":"product-type-simple"},"yoast_head":"<!-- This site is optimized with the Yoast SEO plugin v23.5 - https:\/\/yoast.com\/wordpress\/plugins\/seo\/ -->\n<title>MT300 FERONI - AQUA SYSTEM<\/title>\n<meta name=\"robots\" content=\"index, follow, max-snippet:-1, max-image-preview:large, max-video-preview:-1\" \/>\n<link rel=\"canonical\" href=\"https:\/\/aquasystembih.com\/index.php\/product\/h-ventil-radijatorski-ravni-arco\/\" \/>\n<meta property=\"og:locale\" content=\"en_US\" \/>\n<meta property=\"og:type\" content=\"article\" \/>\n<meta property=\"og:title\" content=\"MT300 FERONI - AQUA SYSTEM\" \/>\n<meta property=\"og:description\" content=\"PRIMJENA Pumpe su namjenjene za slede\u0107e primjene : pranje pod visokim pritiskom , pretakanje neagresivne te\u010dnosti , natapanje povr\u0161ina sa ili bez raspra\u0161iva\u010da , kao i za transportovanje vode na velike visinske razlike , kao i za za\u0161titno prskanje (do 20 bara )sa vi\u0161e dizni. RADNI USLOVI -Temperature vode do 35 \u00b0 C \/ &#8211; [&hellip;]\" \/>\n<meta property=\"og:url\" content=\"https:\/\/aquasystembih.com\/index.php\/product\/h-ventil-radijatorski-ravni-arco\/\" \/>\n<meta property=\"og:site_name\" content=\"AQUA SYSTEM\" \/>\n<meta property=\"article:publisher\" content=\"https:\/\/www.facebook.com\/aquasystemdoo\" \/>\n<meta property=\"article:modified_time\" content=\"2022-08-04T06:53:07+00:00\" \/>\n<meta property=\"og:image\" content=\"https:\/\/aquasystembih.com\/wp-content\/uploads\/2022\/01\/Traktorska-kardanska-pumpa-MT300.jpg\" \/>\n\t<meta property=\"og:image:width\" content=\"441\" \/>\n\t<meta property=\"og:image:height\" content=\"390\" \/>\n\t<meta property=\"og:image:type\" content=\"image\/jpeg\" \/>\n<meta name=\"twitter:card\" content=\"summary_large_image\" \/>\n<script type=\"application\/ld+json\" class=\"yoast-schema-graph\">{\"@context\":\"https:\/\/schema.org\",\"@graph\":[{\"@type\":\"WebPage\",\"@id\":\"https:\/\/aquasystembih.com\/index.php\/product\/h-ventil-radijatorski-ravni-arco\/\",\"url\":\"https:\/\/aquasystembih.com\/index.php\/product\/h-ventil-radijatorski-ravni-arco\/\",\"name\":\"MT300 FERONI - AQUA SYSTEM\",\"isPartOf\":{\"@id\":\"https:\/\/aquasystembih.com\/#website\"},\"primaryImageOfPage\":{\"@id\":\"https:\/\/aquasystembih.com\/index.php\/product\/h-ventil-radijatorski-ravni-arco\/#primaryimage\"},\"image\":{\"@id\":\"https:\/\/aquasystembih.com\/index.php\/product\/h-ventil-radijatorski-ravni-arco\/#primaryimage\"},\"thumbnailUrl\":\"https:\/\/aquasystembih.com\/wp-content\/uploads\/2022\/01\/Traktorska-kardanska-pumpa-MT300.jpg\",\"datePublished\":\"2022-01-12T13:40:20+00:00\",\"dateModified\":\"2022-08-04T06:53:07+00:00\",\"breadcrumb\":{\"@id\":\"https:\/\/aquasystembih.com\/index.php\/product\/h-ventil-radijatorski-ravni-arco\/#breadcrumb\"},\"inLanguage\":\"en-US\",\"potentialAction\":[{\"@type\":\"ReadAction\",\"target\":[\"https:\/\/aquasystembih.com\/index.php\/product\/h-ventil-radijatorski-ravni-arco\/\"]}]},{\"@type\":\"ImageObject\",\"inLanguage\":\"en-US\",\"@id\":\"https:\/\/aquasystembih.com\/index.php\/product\/h-ventil-radijatorski-ravni-arco\/#primaryimage\",\"url\":\"https:\/\/aquasystembih.com\/wp-content\/uploads\/2022\/01\/Traktorska-kardanska-pumpa-MT300.jpg\",\"contentUrl\":\"https:\/\/aquasystembih.com\/wp-content\/uploads\/2022\/01\/Traktorska-kardanska-pumpa-MT300.jpg\",\"width\":441,\"height\":390},{\"@type\":\"BreadcrumbList\",\"@id\":\"https:\/\/aquasystembih.com\/index.php\/product\/h-ventil-radijatorski-ravni-arco\/#breadcrumb\",\"itemListElement\":[{\"@type\":\"ListItem\",\"position\":1,\"name\":\"Home\",\"item\":\"https:\/\/aquasystembih.com\/\"},{\"@type\":\"ListItem\",\"position\":2,\"name\":\"Shop\",\"item\":\"https:\/\/aquasystembih.com\/index.php\/shop\/\"},{\"@type\":\"ListItem\",\"position\":3,\"name\":\"MT300 FERONI\"}]},{\"@type\":\"WebSite\",\"@id\":\"https:\/\/aquasystembih.com\/#website\",\"url\":\"https:\/\/aquasystembih.com\/\",\"name\":\"Aqua System\",\"description\":\"SHOWROOM\",\"potentialAction\":[{\"@type\":\"SearchAction\",\"target\":{\"@type\":\"EntryPoint\",\"urlTemplate\":\"https:\/\/aquasystembih.com\/?s={search_term_string}\"},\"query-input\":{\"@type\":\"PropertyValueSpecification\",\"valueRequired\":true,\"valueName\":\"search_term_string\"}}],\"inLanguage\":\"en-US\"}]}<\/script>\n<!-- \/ Yoast SEO plugin. -->","yoast_head_json":{"title":"MT300 FERONI - AQUA SYSTEM","robots":{"index":"index","follow":"follow","max-snippet":"max-snippet:-1","max-image-preview":"max-image-preview:large","max-video-preview":"max-video-preview:-1"},"canonical":"https:\/\/aquasystembih.com\/index.php\/product\/h-ventil-radijatorski-ravni-arco\/","og_locale":"en_US","og_type":"article","og_title":"MT300 FERONI - AQUA SYSTEM","og_description":"PRIMJENA Pumpe su namjenjene za slede\u0107e primjene : pranje pod visokim pritiskom , pretakanje neagresivne te\u010dnosti , natapanje povr\u0161ina sa ili bez raspra\u0161iva\u010da , kao i za transportovanje vode na velike visinske razlike , kao i za za\u0161titno prskanje (do 20 bara )sa vi\u0161e dizni. RADNI USLOVI -Temperature vode do 35 \u00b0 C \/ &#8211; [&hellip;]","og_url":"https:\/\/aquasystembih.com\/index.php\/product\/h-ventil-radijatorski-ravni-arco\/","og_site_name":"AQUA SYSTEM","article_publisher":"https:\/\/www.facebook.com\/aquasystemdoo","article_modified_time":"2022-08-04T06:53:07+00:00","og_image":[{"width":441,"height":390,"url":"https:\/\/aquasystembih.com\/wp-content\/uploads\/2022\/01\/Traktorska-kardanska-pumpa-MT300.jpg","type":"image\/jpeg"}],"twitter_card":"summary_large_image","schema":{"@context":"https:\/\/schema.org","@graph":[{"@type":"WebPage","@id":"https:\/\/aquasystembih.com\/index.php\/product\/h-ventil-radijatorski-ravni-arco\/","url":"https:\/\/aquasystembih.com\/index.php\/product\/h-ventil-radijatorski-ravni-arco\/","name":"MT300 FERONI - AQUA SYSTEM","isPartOf":{"@id":"https:\/\/aquasystembih.com\/#website"},"primaryImageOfPage":{"@id":"https:\/\/aquasystembih.com\/index.php\/product\/h-ventil-radijatorski-ravni-arco\/#primaryimage"},"image":{"@id":"https:\/\/aquasystembih.com\/index.php\/product\/h-ventil-radijatorski-ravni-arco\/#primaryimage"},"thumbnailUrl":"https:\/\/aquasystembih.com\/wp-content\/uploads\/2022\/01\/Traktorska-kardanska-pumpa-MT300.jpg","datePublished":"2022-01-12T13:40:20+00:00","dateModified":"2022-08-04T06:53:07+00:00","breadcrumb":{"@id":"https:\/\/aquasystembih.com\/index.php\/product\/h-ventil-radijatorski-ravni-arco\/#breadcrumb"},"inLanguage":"en-US","potentialAction":[{"@type":"ReadAction","target":["https:\/\/aquasystembih.com\/index.php\/product\/h-ventil-radijatorski-ravni-arco\/"]}]},{"@type":"ImageObject","inLanguage":"en-US","@id":"https:\/\/aquasystembih.com\/index.php\/product\/h-ventil-radijatorski-ravni-arco\/#primaryimage","url":"https:\/\/aquasystembih.com\/wp-content\/uploads\/2022\/01\/Traktorska-kardanska-pumpa-MT300.jpg","contentUrl":"https:\/\/aquasystembih.com\/wp-content\/uploads\/2022\/01\/Traktorska-kardanska-pumpa-MT300.jpg","width":441,"height":390},{"@type":"BreadcrumbList","@id":"https:\/\/aquasystembih.com\/index.php\/product\/h-ventil-radijatorski-ravni-arco\/#breadcrumb","itemListElement":[{"@type":"ListItem","position":1,"name":"Home","item":"https:\/\/aquasystembih.com\/"},{"@type":"ListItem","position":2,"name":"Shop","item":"https:\/\/aquasystembih.com\/index.php\/shop\/"},{"@type":"ListItem","position":3,"name":"MT300 FERONI"}]},{"@type":"WebSite","@id":"https:\/\/aquasystembih.com\/#website","url":"https:\/\/aquasystembih.com\/","name":"Aqua System","description":"SHOWROOM","potentialAction":[{"@type":"SearchAction","target":{"@type":"EntryPoint","urlTemplate":"https:\/\/aquasystembih.com\/?s={search_term_string}"},"query-input":{"@type":"PropertyValueSpecification","valueRequired":true,"valueName":"search_term_string"}}],"inLanguage":"en-US"}]}},"_links":{"self":[{"href":"https:\/\/aquasystembih.com\/index.php\/wp-json\/wp\/v2\/product\/4263","targetHints":{"allow":["GET"]}}],"collection":[{"href":"https:\/\/aquasystembih.com\/index.php\/wp-json\/wp\/v2\/product"}],"about":[{"href":"https:\/\/aquasystembih.com\/index.php\/wp-json\/wp\/v2\/types\/product"}],"wp:featuredmedia":[{"embeddable":true,"href":"https:\/\/aquasystembih.com\/index.php\/wp-json\/wp\/v2\/media\/4984"}],"wp:attachment":[{"href":"https:\/\/aquasystembih.com\/index.php\/wp-json\/wp\/v2\/media?parent=4263"}],"wp:term":[{"taxonomy":"product_cat","embeddable":true,"href":"https:\/\/aquasystembih.com\/index.php\/wp-json\/wp\/v2\/product_cat?post=4263"},{"taxonomy":"product_tag","embeddable":true,"href":"https:\/\/aquasystembih.com\/index.php\/wp-json\/wp\/v2\/product_tag?post=4263"}],"curies":[{"name":"wp","href":"https:\/\/api.w.org\/{rel}","templated":true}]}}