{"id":4178,"date":"2022-01-12T12:19:13","date_gmt":"2022-01-12T12:19:13","guid":{"rendered":"https:\/\/aquasystembih.com\/?post_type=product&#038;p=4178"},"modified":"2022-07-26T07:28:27","modified_gmt":"2022-07-26T07:28:27","slug":"hvatac-necistoca-mesingani-1-2","status":"publish","type":"product","link":"https:\/\/aquasystembih.com\/index.php\/product\/hvatac-necistoca-mesingani-1-2\/","title":{"rendered":"Hvata\u010d ne\u010disto\u0107a mesingani"},"content":{"rendered":"<p>Hvata\u010d ne\u010disto\u0107a mesingani 1\/2<br \/>\nHvata\u010d ne\u010disto\u0107a mesingani 3\/4<br \/>\nHvata\u010d ne\u010disto\u0107a mesingani 1<br \/>\nHvata\u010d ne\u010disto\u0107a mesingani 1 1\/4<\/p>\n","protected":false},"excerpt":{"rendered":"<p>Hvata\u010d ne\u010disto\u0107a mesingani 1\/2 Hvata\u010d ne\u010disto\u0107a mesingani 3\/4 Hvata\u010d ne\u010disto\u0107a mesingani 1 Hvata\u010d ne\u010disto\u0107a mesingani 1 1\/4<\/p>\n","protected":false},"featured_media":4327,"template":"","meta":[],"product_cat":[209,213],"product_tag":[],"class_list":{"0":"post-4178","1":"product","2":"type-product","3":"status-publish","4":"has-post-thumbnail","6":"product_cat-fiting","7":"product_cat-mesingani-fiting","9":"first","10":"instock","11":"taxable","12":"shipping-taxable","13":"product-type-simple"},"yoast_head":"<!-- This site is optimized with the Yoast SEO plugin v23.5 - https:\/\/yoast.com\/wordpress\/plugins\/seo\/ -->\n<title>Hvata\u010d ne\u010disto\u0107a mesingani - AQUA SYSTEM<\/title>\n<meta name=\"robots\" content=\"index, follow, max-snippet:-1, max-image-preview:large, max-video-preview:-1\" \/>\n<link rel=\"canonical\" href=\"https:\/\/aquasystembih.com\/index.php\/product\/hvatac-necistoca-mesingani-1-2\/\" \/>\n<meta property=\"og:locale\" content=\"en_US\" \/>\n<meta property=\"og:type\" content=\"article\" \/>\n<meta property=\"og:title\" content=\"Hvata\u010d ne\u010disto\u0107a mesingani - AQUA SYSTEM\" \/>\n<meta property=\"og:description\" content=\"Hvata\u010d ne\u010disto\u0107a mesingani 1\/2 Hvata\u010d ne\u010disto\u0107a mesingani 3\/4 Hvata\u010d ne\u010disto\u0107a mesingani 1 Hvata\u010d ne\u010disto\u0107a mesingani 1 1\/4\" \/>\n<meta property=\"og:url\" content=\"https:\/\/aquasystembih.com\/index.php\/product\/hvatac-necistoca-mesingani-1-2\/\" \/>\n<meta property=\"og:site_name\" content=\"AQUA SYSTEM\" \/>\n<meta property=\"article:publisher\" content=\"https:\/\/www.facebook.com\/aquasystemdoo\" \/>\n<meta property=\"article:modified_time\" content=\"2022-07-26T07:28:27+00:00\" \/>\n<meta property=\"og:image\" content=\"https:\/\/aquasystembih.com\/wp-content\/uploads\/2022\/01\/g10002-e1658820459571.jpg\" \/>\n\t<meta property=\"og:image:width\" content=\"270\" \/>\n\t<meta property=\"og:image:height\" content=\"270\" \/>\n\t<meta property=\"og:image:type\" content=\"image\/jpeg\" \/>\n<meta name=\"twitter:card\" content=\"summary_large_image\" \/>\n<script type=\"application\/ld+json\" class=\"yoast-schema-graph\">{\"@context\":\"https:\/\/schema.org\",\"@graph\":[{\"@type\":\"WebPage\",\"@id\":\"https:\/\/aquasystembih.com\/index.php\/product\/hvatac-necistoca-mesingani-1-2\/\",\"url\":\"https:\/\/aquasystembih.com\/index.php\/product\/hvatac-necistoca-mesingani-1-2\/\",\"name\":\"Hvata\u010d ne\u010disto\u0107a mesingani - AQUA SYSTEM\",\"isPartOf\":{\"@id\":\"https:\/\/aquasystembih.com\/#website\"},\"primaryImageOfPage\":{\"@id\":\"https:\/\/aquasystembih.com\/index.php\/product\/hvatac-necistoca-mesingani-1-2\/#primaryimage\"},\"image\":{\"@id\":\"https:\/\/aquasystembih.com\/index.php\/product\/hvatac-necistoca-mesingani-1-2\/#primaryimage\"},\"thumbnailUrl\":\"https:\/\/aquasystembih.com\/wp-content\/uploads\/2022\/01\/g10002-e1658820459571.jpg\",\"datePublished\":\"2022-01-12T12:19:13+00:00\",\"dateModified\":\"2022-07-26T07:28:27+00:00\",\"breadcrumb\":{\"@id\":\"https:\/\/aquasystembih.com\/index.php\/product\/hvatac-necistoca-mesingani-1-2\/#breadcrumb\"},\"inLanguage\":\"en-US\",\"potentialAction\":[{\"@type\":\"ReadAction\",\"target\":[\"https:\/\/aquasystembih.com\/index.php\/product\/hvatac-necistoca-mesingani-1-2\/\"]}]},{\"@type\":\"ImageObject\",\"inLanguage\":\"en-US\",\"@id\":\"https:\/\/aquasystembih.com\/index.php\/product\/hvatac-necistoca-mesingani-1-2\/#primaryimage\",\"url\":\"https:\/\/aquasystembih.com\/wp-content\/uploads\/2022\/01\/g10002-e1658820459571.jpg\",\"contentUrl\":\"https:\/\/aquasystembih.com\/wp-content\/uploads\/2022\/01\/g10002-e1658820459571.jpg\",\"width\":270,\"height\":270},{\"@type\":\"BreadcrumbList\",\"@id\":\"https:\/\/aquasystembih.com\/index.php\/product\/hvatac-necistoca-mesingani-1-2\/#breadcrumb\",\"itemListElement\":[{\"@type\":\"ListItem\",\"position\":1,\"name\":\"Home\",\"item\":\"https:\/\/aquasystembih.com\/\"},{\"@type\":\"ListItem\",\"position\":2,\"name\":\"Shop\",\"item\":\"https:\/\/aquasystembih.com\/index.php\/shop\/\"},{\"@type\":\"ListItem\",\"position\":3,\"name\":\"Hvata\u010d ne\u010disto\u0107a mesingani\"}]},{\"@type\":\"WebSite\",\"@id\":\"https:\/\/aquasystembih.com\/#website\",\"url\":\"https:\/\/aquasystembih.com\/\",\"name\":\"Aqua System\",\"description\":\"SHOWROOM\",\"potentialAction\":[{\"@type\":\"SearchAction\",\"target\":{\"@type\":\"EntryPoint\",\"urlTemplate\":\"https:\/\/aquasystembih.com\/?s={search_term_string}\"},\"query-input\":{\"@type\":\"PropertyValueSpecification\",\"valueRequired\":true,\"valueName\":\"search_term_string\"}}],\"inLanguage\":\"en-US\"}]}<\/script>\n<!-- \/ Yoast SEO plugin. -->","yoast_head_json":{"title":"Hvata\u010d ne\u010disto\u0107a mesingani - AQUA SYSTEM","robots":{"index":"index","follow":"follow","max-snippet":"max-snippet:-1","max-image-preview":"max-image-preview:large","max-video-preview":"max-video-preview:-1"},"canonical":"https:\/\/aquasystembih.com\/index.php\/product\/hvatac-necistoca-mesingani-1-2\/","og_locale":"en_US","og_type":"article","og_title":"Hvata\u010d ne\u010disto\u0107a mesingani - AQUA SYSTEM","og_description":"Hvata\u010d ne\u010disto\u0107a mesingani 1\/2 Hvata\u010d ne\u010disto\u0107a mesingani 3\/4 Hvata\u010d ne\u010disto\u0107a mesingani 1 Hvata\u010d ne\u010disto\u0107a mesingani 1 1\/4","og_url":"https:\/\/aquasystembih.com\/index.php\/product\/hvatac-necistoca-mesingani-1-2\/","og_site_name":"AQUA SYSTEM","article_publisher":"https:\/\/www.facebook.com\/aquasystemdoo","article_modified_time":"2022-07-26T07:28:27+00:00","og_image":[{"width":270,"height":270,"url":"https:\/\/aquasystembih.com\/wp-content\/uploads\/2022\/01\/g10002-e1658820459571.jpg","type":"image\/jpeg"}],"twitter_card":"summary_large_image","schema":{"@context":"https:\/\/schema.org","@graph":[{"@type":"WebPage","@id":"https:\/\/aquasystembih.com\/index.php\/product\/hvatac-necistoca-mesingani-1-2\/","url":"https:\/\/aquasystembih.com\/index.php\/product\/hvatac-necistoca-mesingani-1-2\/","name":"Hvata\u010d ne\u010disto\u0107a mesingani - AQUA SYSTEM","isPartOf":{"@id":"https:\/\/aquasystembih.com\/#website"},"primaryImageOfPage":{"@id":"https:\/\/aquasystembih.com\/index.php\/product\/hvatac-necistoca-mesingani-1-2\/#primaryimage"},"image":{"@id":"https:\/\/aquasystembih.com\/index.php\/product\/hvatac-necistoca-mesingani-1-2\/#primaryimage"},"thumbnailUrl":"https:\/\/aquasystembih.com\/wp-content\/uploads\/2022\/01\/g10002-e1658820459571.jpg","datePublished":"2022-01-12T12:19:13+00:00","dateModified":"2022-07-26T07:28:27+00:00","breadcrumb":{"@id":"https:\/\/aquasystembih.com\/index.php\/product\/hvatac-necistoca-mesingani-1-2\/#breadcrumb"},"inLanguage":"en-US","potentialAction":[{"@type":"ReadAction","target":["https:\/\/aquasystembih.com\/index.php\/product\/hvatac-necistoca-mesingani-1-2\/"]}]},{"@type":"ImageObject","inLanguage":"en-US","@id":"https:\/\/aquasystembih.com\/index.php\/product\/hvatac-necistoca-mesingani-1-2\/#primaryimage","url":"https:\/\/aquasystembih.com\/wp-content\/uploads\/2022\/01\/g10002-e1658820459571.jpg","contentUrl":"https:\/\/aquasystembih.com\/wp-content\/uploads\/2022\/01\/g10002-e1658820459571.jpg","width":270,"height":270},{"@type":"BreadcrumbList","@id":"https:\/\/aquasystembih.com\/index.php\/product\/hvatac-necistoca-mesingani-1-2\/#breadcrumb","itemListElement":[{"@type":"ListItem","position":1,"name":"Home","item":"https:\/\/aquasystembih.com\/"},{"@type":"ListItem","position":2,"name":"Shop","item":"https:\/\/aquasystembih.com\/index.php\/shop\/"},{"@type":"ListItem","position":3,"name":"Hvata\u010d ne\u010disto\u0107a mesingani"}]},{"@type":"WebSite","@id":"https:\/\/aquasystembih.com\/#website","url":"https:\/\/aquasystembih.com\/","name":"Aqua System","description":"SHOWROOM","potentialAction":[{"@type":"SearchAction","target":{"@type":"EntryPoint","urlTemplate":"https:\/\/aquasystembih.com\/?s={search_term_string}"},"query-input":{"@type":"PropertyValueSpecification","valueRequired":true,"valueName":"search_term_string"}}],"inLanguage":"en-US"}]}},"_links":{"self":[{"href":"https:\/\/aquasystembih.com\/index.php\/wp-json\/wp\/v2\/product\/4178","targetHints":{"allow":["GET"]}}],"collection":[{"href":"https:\/\/aquasystembih.com\/index.php\/wp-json\/wp\/v2\/product"}],"about":[{"href":"https:\/\/aquasystembih.com\/index.php\/wp-json\/wp\/v2\/types\/product"}],"wp:featuredmedia":[{"embeddable":true,"href":"https:\/\/aquasystembih.com\/index.php\/wp-json\/wp\/v2\/media\/4327"}],"wp:attachment":[{"href":"https:\/\/aquasystembih.com\/index.php\/wp-json\/wp\/v2\/media?parent=4178"}],"wp:term":[{"taxonomy":"product_cat","embeddable":true,"href":"https:\/\/aquasystembih.com\/index.php\/wp-json\/wp\/v2\/product_cat?post=4178"},{"taxonomy":"product_tag","embeddable":true,"href":"https:\/\/aquasystembih.com\/index.php\/wp-json\/wp\/v2\/product_tag?post=4178"}],"curies":[{"name":"wp","href":"https:\/\/api.w.org\/{rel}","templated":true}]}}