{"id":3545,"date":"2022-01-10T15:11:51","date_gmt":"2022-01-10T15:11:51","guid":{"rendered":"https:\/\/aquasystembih.com\/?post_type=product&#038;p=3545"},"modified":"2022-07-26T12:17:06","modified_gmt":"2022-07-26T12:17:06","slug":"xbl-300a","status":"publish","type":"product","link":"https:\/\/aquasystembih.com\/index.php\/product\/xbl-300a\/","title":{"rendered":"XBL-300A"},"content":{"rendered":"<p>RADNI USLOVI<br \/>\n-Temperature vode do 45 \u00b0 C \/ &#8211; Pijesak sadr\u017eaj max. 50 g\/m3 \/<\/p>\n<p>MATERIJAL PUMPE &#8211; Ku\u0107i\u0161te od od lijevanog \u010delika(gusa) \/- Vratilo motora od nehr\u0111aju\u0107eg<br \/>\n\u010delika\u2013inox\/- Radno kolo od mesinga<\/p>\n<p>&nbsp;<\/p>\n<p>Model:XBL-300A<br \/>\nSnaga:0,37kw\/230V<br \/>\nHmax:30m<br \/>\nQmax:2,7m3\/h<\/p>\n","protected":false},"excerpt":{"rendered":"<p>RADNI USLOVI -Temperature vode do 45 \u00b0 C \/ &#8211; Pijesak sadr\u017eaj max. 50 g\/m3 \/ MATERIJAL PUMPE &#8211; Ku\u0107i\u0161te od od lijevanog \u010delika(gusa) \/- Vratilo motora od nehr\u0111aju\u0107eg \u010delika\u2013inox\/- Radno kolo od mesinga &nbsp; Model:XBL-300A Snaga:0,37kw\/230V Hmax:30m Qmax:2,7m3\/h<\/p>\n","protected":false},"featured_media":4423,"template":"","meta":[],"product_cat":[219,222],"product_tag":[],"class_list":{"0":"post-3545","1":"product","2":"type-product","3":"status-publish","4":"has-post-thumbnail","6":"product_cat-povrsinske-pumpe","7":"product_cat-pumpe-za-pojacavanje-pritiska","9":"first","10":"instock","11":"taxable","12":"shipping-taxable","13":"product-type-simple"},"yoast_head":"<!-- This site is optimized with the Yoast SEO plugin v23.5 - https:\/\/yoast.com\/wordpress\/plugins\/seo\/ -->\n<title>XBL-300A - AQUA SYSTEM<\/title>\n<meta name=\"robots\" content=\"index, follow, max-snippet:-1, max-image-preview:large, max-video-preview:-1\" \/>\n<link rel=\"canonical\" href=\"https:\/\/aquasystembih.com\/index.php\/product\/xbl-300a\/\" \/>\n<meta property=\"og:locale\" content=\"en_US\" \/>\n<meta property=\"og:type\" content=\"article\" \/>\n<meta property=\"og:title\" content=\"XBL-300A - AQUA SYSTEM\" \/>\n<meta property=\"og:description\" content=\"RADNI USLOVI -Temperature vode do 45 \u00b0 C \/ &#8211; Pijesak sadr\u017eaj max. 50 g\/m3 \/ MATERIJAL PUMPE &#8211; Ku\u0107i\u0161te od od lijevanog \u010delika(gusa) \/- Vratilo motora od nehr\u0111aju\u0107eg \u010delika\u2013inox\/- Radno kolo od mesinga &nbsp; Model:XBL-300A Snaga:0,37kw\/230V Hmax:30m Qmax:2,7m3\/h\" \/>\n<meta property=\"og:url\" content=\"https:\/\/aquasystembih.com\/index.php\/product\/xbl-300a\/\" \/>\n<meta property=\"og:site_name\" content=\"AQUA SYSTEM\" \/>\n<meta property=\"article:publisher\" content=\"https:\/\/www.facebook.com\/aquasystemdoo\" \/>\n<meta property=\"article:modified_time\" content=\"2022-07-26T12:17:06+00:00\" \/>\n<meta property=\"og:image\" content=\"https:\/\/aquasystembih.com\/wp-content\/uploads\/2022\/01\/Pumpa-za-pojacavanje-pritiska.jpg\" \/>\n\t<meta property=\"og:image:width\" content=\"1000\" \/>\n\t<meta property=\"og:image:height\" content=\"1000\" \/>\n\t<meta property=\"og:image:type\" content=\"image\/jpeg\" \/>\n<meta name=\"twitter:card\" content=\"summary_large_image\" \/>\n<script type=\"application\/ld+json\" class=\"yoast-schema-graph\">{\"@context\":\"https:\/\/schema.org\",\"@graph\":[{\"@type\":\"WebPage\",\"@id\":\"https:\/\/aquasystembih.com\/index.php\/product\/xbl-300a\/\",\"url\":\"https:\/\/aquasystembih.com\/index.php\/product\/xbl-300a\/\",\"name\":\"XBL-300A - AQUA SYSTEM\",\"isPartOf\":{\"@id\":\"https:\/\/aquasystembih.com\/#website\"},\"primaryImageOfPage\":{\"@id\":\"https:\/\/aquasystembih.com\/index.php\/product\/xbl-300a\/#primaryimage\"},\"image\":{\"@id\":\"https:\/\/aquasystembih.com\/index.php\/product\/xbl-300a\/#primaryimage\"},\"thumbnailUrl\":\"https:\/\/aquasystembih.com\/wp-content\/uploads\/2022\/01\/Pumpa-za-pojacavanje-pritiska.jpg\",\"datePublished\":\"2022-01-10T15:11:51+00:00\",\"dateModified\":\"2022-07-26T12:17:06+00:00\",\"breadcrumb\":{\"@id\":\"https:\/\/aquasystembih.com\/index.php\/product\/xbl-300a\/#breadcrumb\"},\"inLanguage\":\"en-US\",\"potentialAction\":[{\"@type\":\"ReadAction\",\"target\":[\"https:\/\/aquasystembih.com\/index.php\/product\/xbl-300a\/\"]}]},{\"@type\":\"ImageObject\",\"inLanguage\":\"en-US\",\"@id\":\"https:\/\/aquasystembih.com\/index.php\/product\/xbl-300a\/#primaryimage\",\"url\":\"https:\/\/aquasystembih.com\/wp-content\/uploads\/2022\/01\/Pumpa-za-pojacavanje-pritiska.jpg\",\"contentUrl\":\"https:\/\/aquasystembih.com\/wp-content\/uploads\/2022\/01\/Pumpa-za-pojacavanje-pritiska.jpg\",\"width\":1000,\"height\":1000},{\"@type\":\"BreadcrumbList\",\"@id\":\"https:\/\/aquasystembih.com\/index.php\/product\/xbl-300a\/#breadcrumb\",\"itemListElement\":[{\"@type\":\"ListItem\",\"position\":1,\"name\":\"Home\",\"item\":\"https:\/\/aquasystembih.com\/\"},{\"@type\":\"ListItem\",\"position\":2,\"name\":\"Shop\",\"item\":\"https:\/\/aquasystembih.com\/index.php\/shop\/\"},{\"@type\":\"ListItem\",\"position\":3,\"name\":\"XBL-300A\"}]},{\"@type\":\"WebSite\",\"@id\":\"https:\/\/aquasystembih.com\/#website\",\"url\":\"https:\/\/aquasystembih.com\/\",\"name\":\"Aqua System\",\"description\":\"SHOWROOM\",\"potentialAction\":[{\"@type\":\"SearchAction\",\"target\":{\"@type\":\"EntryPoint\",\"urlTemplate\":\"https:\/\/aquasystembih.com\/?s={search_term_string}\"},\"query-input\":{\"@type\":\"PropertyValueSpecification\",\"valueRequired\":true,\"valueName\":\"search_term_string\"}}],\"inLanguage\":\"en-US\"}]}<\/script>\n<!-- \/ Yoast SEO plugin. -->","yoast_head_json":{"title":"XBL-300A - AQUA SYSTEM","robots":{"index":"index","follow":"follow","max-snippet":"max-snippet:-1","max-image-preview":"max-image-preview:large","max-video-preview":"max-video-preview:-1"},"canonical":"https:\/\/aquasystembih.com\/index.php\/product\/xbl-300a\/","og_locale":"en_US","og_type":"article","og_title":"XBL-300A - AQUA SYSTEM","og_description":"RADNI USLOVI -Temperature vode do 45 \u00b0 C \/ &#8211; Pijesak sadr\u017eaj max. 50 g\/m3 \/ MATERIJAL PUMPE &#8211; Ku\u0107i\u0161te od od lijevanog \u010delika(gusa) \/- Vratilo motora od nehr\u0111aju\u0107eg \u010delika\u2013inox\/- Radno kolo od mesinga &nbsp; Model:XBL-300A Snaga:0,37kw\/230V Hmax:30m Qmax:2,7m3\/h","og_url":"https:\/\/aquasystembih.com\/index.php\/product\/xbl-300a\/","og_site_name":"AQUA SYSTEM","article_publisher":"https:\/\/www.facebook.com\/aquasystemdoo","article_modified_time":"2022-07-26T12:17:06+00:00","og_image":[{"width":1000,"height":1000,"url":"https:\/\/aquasystembih.com\/wp-content\/uploads\/2022\/01\/Pumpa-za-pojacavanje-pritiska.jpg","type":"image\/jpeg"}],"twitter_card":"summary_large_image","schema":{"@context":"https:\/\/schema.org","@graph":[{"@type":"WebPage","@id":"https:\/\/aquasystembih.com\/index.php\/product\/xbl-300a\/","url":"https:\/\/aquasystembih.com\/index.php\/product\/xbl-300a\/","name":"XBL-300A - AQUA SYSTEM","isPartOf":{"@id":"https:\/\/aquasystembih.com\/#website"},"primaryImageOfPage":{"@id":"https:\/\/aquasystembih.com\/index.php\/product\/xbl-300a\/#primaryimage"},"image":{"@id":"https:\/\/aquasystembih.com\/index.php\/product\/xbl-300a\/#primaryimage"},"thumbnailUrl":"https:\/\/aquasystembih.com\/wp-content\/uploads\/2022\/01\/Pumpa-za-pojacavanje-pritiska.jpg","datePublished":"2022-01-10T15:11:51+00:00","dateModified":"2022-07-26T12:17:06+00:00","breadcrumb":{"@id":"https:\/\/aquasystembih.com\/index.php\/product\/xbl-300a\/#breadcrumb"},"inLanguage":"en-US","potentialAction":[{"@type":"ReadAction","target":["https:\/\/aquasystembih.com\/index.php\/product\/xbl-300a\/"]}]},{"@type":"ImageObject","inLanguage":"en-US","@id":"https:\/\/aquasystembih.com\/index.php\/product\/xbl-300a\/#primaryimage","url":"https:\/\/aquasystembih.com\/wp-content\/uploads\/2022\/01\/Pumpa-za-pojacavanje-pritiska.jpg","contentUrl":"https:\/\/aquasystembih.com\/wp-content\/uploads\/2022\/01\/Pumpa-za-pojacavanje-pritiska.jpg","width":1000,"height":1000},{"@type":"BreadcrumbList","@id":"https:\/\/aquasystembih.com\/index.php\/product\/xbl-300a\/#breadcrumb","itemListElement":[{"@type":"ListItem","position":1,"name":"Home","item":"https:\/\/aquasystembih.com\/"},{"@type":"ListItem","position":2,"name":"Shop","item":"https:\/\/aquasystembih.com\/index.php\/shop\/"},{"@type":"ListItem","position":3,"name":"XBL-300A"}]},{"@type":"WebSite","@id":"https:\/\/aquasystembih.com\/#website","url":"https:\/\/aquasystembih.com\/","name":"Aqua System","description":"SHOWROOM","potentialAction":[{"@type":"SearchAction","target":{"@type":"EntryPoint","urlTemplate":"https:\/\/aquasystembih.com\/?s={search_term_string}"},"query-input":{"@type":"PropertyValueSpecification","valueRequired":true,"valueName":"search_term_string"}}],"inLanguage":"en-US"}]}},"_links":{"self":[{"href":"https:\/\/aquasystembih.com\/index.php\/wp-json\/wp\/v2\/product\/3545","targetHints":{"allow":["GET"]}}],"collection":[{"href":"https:\/\/aquasystembih.com\/index.php\/wp-json\/wp\/v2\/product"}],"about":[{"href":"https:\/\/aquasystembih.com\/index.php\/wp-json\/wp\/v2\/types\/product"}],"wp:featuredmedia":[{"embeddable":true,"href":"https:\/\/aquasystembih.com\/index.php\/wp-json\/wp\/v2\/media\/4423"}],"wp:attachment":[{"href":"https:\/\/aquasystembih.com\/index.php\/wp-json\/wp\/v2\/media?parent=3545"}],"wp:term":[{"taxonomy":"product_cat","embeddable":true,"href":"https:\/\/aquasystembih.com\/index.php\/wp-json\/wp\/v2\/product_cat?post=3545"},{"taxonomy":"product_tag","embeddable":true,"href":"https:\/\/aquasystembih.com\/index.php\/wp-json\/wp\/v2\/product_tag?post=3545"}],"curies":[{"name":"wp","href":"https:\/\/api.w.org\/{rel}","templated":true}]}}