{"id":3471,"date":"2022-01-09T16:55:33","date_gmt":"2022-01-09T16:55:33","guid":{"rendered":"https:\/\/aquasystembih.com\/?post_type=product&#038;p=3471"},"modified":"2022-07-26T09:36:22","modified_gmt":"2022-07-26T09:36:22","slug":"olympic-plovni-prekidac","status":"publish","type":"product","link":"https:\/\/aquasystembih.com\/index.php\/product\/olympic-plovni-prekidac\/","title":{"rendered":"OLYMPIC PLOVNI PREKIDA\u010c"},"content":{"rendered":"<p>PRIMJENA<br \/>\nPlovci za pumpe su pogodni za automatski rad pumpe . Prilikom prema\u0161ivanja odgovaraju\u0107e<br \/>\nvisine pumpa se automatski isklju\u0109uje.<br \/>\nVisinu nivoa vode reguli\u0161e du\u0163inom kabla na kojem se nalazi plovak. Koriste se za za\u0161titu pumpe<br \/>\nod nestanka vode, za automatski rad (punjenje ili pra\u0163njenje rezervoara, \u0161ahtova, tankova&#8230;).<br \/>\nPlovci se koriste za \u010distu vodu i otpadnu vodu.<br \/>\nRADNI USLOVI \/ ZA\u0160TITA<br \/>\n&#8212; IP 68 za\u0161tita \/ &#8211; Kontinuirana primjena \/- Maksimalano zaronjenje 10m<\/p>\n<p>OLYMPIC 0.52m 16 A 250 V 50\u00b0 C<br \/>\nOLYMPIC 2m 16 A 250 V 50\u00b0 C<br \/>\nOLYMPIC 3m 16 A 250 V 50 C<br \/>\nOLYMPIC 5m 16 A 250 V 50\u00b0 C<br \/>\nOLYMPIC 10m 16 A 250 V 50\u00b0 C<br \/>\nOLYMPIC 20m 16 A 250 V 50\u00b0 C<\/p>\n<p>&nbsp;<\/p>\n","protected":false},"excerpt":{"rendered":"<p>PRIMJENA Plovci za pumpe su pogodni za automatski rad pumpe . Prilikom prema\u0161ivanja odgovaraju\u0107e visine pumpa se automatski isklju\u0109uje. Visinu nivoa vode reguli\u0161e du\u0163inom kabla na kojem se nalazi plovak. Koriste se za za\u0161titu pumpe od nestanka vode, za automatski rad (punjenje ili pra\u0163njenje rezervoara, \u0161ahtova, tankova&#8230;). Plovci se koriste za \u010distu vodu i otpadnu [&hellip;]<\/p>\n","protected":false},"featured_media":4376,"template":"","meta":[],"product_cat":[179,177],"product_tag":[],"class_list":{"0":"post-3471","1":"product","2":"type-product","3":"status-publish","4":"has-post-thumbnail","6":"product_cat-membrane-plovci","7":"product_cat-oprema-za-pumpe","9":"first","10":"instock","11":"taxable","12":"shipping-taxable","13":"product-type-simple"},"yoast_head":"<!-- This site is optimized with the Yoast SEO plugin v23.5 - https:\/\/yoast.com\/wordpress\/plugins\/seo\/ -->\n<title>OLYMPIC PLOVNI PREKIDA\u010c - AQUA SYSTEM<\/title>\n<meta name=\"robots\" content=\"index, follow, max-snippet:-1, max-image-preview:large, max-video-preview:-1\" \/>\n<link rel=\"canonical\" href=\"https:\/\/aquasystembih.com\/index.php\/product\/olympic-plovni-prekidac\/\" \/>\n<meta property=\"og:locale\" content=\"en_US\" \/>\n<meta property=\"og:type\" content=\"article\" \/>\n<meta property=\"og:title\" content=\"OLYMPIC PLOVNI PREKIDA\u010c - AQUA SYSTEM\" \/>\n<meta property=\"og:description\" content=\"PRIMJENA Plovci za pumpe su pogodni za automatski rad pumpe . Prilikom prema\u0161ivanja odgovaraju\u0107e visine pumpa se automatski isklju\u0109uje. Visinu nivoa vode reguli\u0161e du\u0163inom kabla na kojem se nalazi plovak. Koriste se za za\u0161titu pumpe od nestanka vode, za automatski rad (punjenje ili pra\u0163njenje rezervoara, \u0161ahtova, tankova&#8230;). Plovci se koriste za \u010distu vodu i otpadnu [&hellip;]\" \/>\n<meta property=\"og:url\" content=\"https:\/\/aquasystembih.com\/index.php\/product\/olympic-plovni-prekidac\/\" \/>\n<meta property=\"og:site_name\" content=\"AQUA SYSTEM\" \/>\n<meta property=\"article:publisher\" content=\"https:\/\/www.facebook.com\/aquasystemdoo\" \/>\n<meta property=\"article:modified_time\" content=\"2022-07-26T09:36:22+00:00\" \/>\n<meta property=\"og:image\" content=\"https:\/\/aquasystembih.com\/wp-content\/uploads\/2022\/01\/plovak-original.png\" \/>\n\t<meta property=\"og:image:width\" content=\"600\" \/>\n\t<meta property=\"og:image:height\" content=\"600\" \/>\n\t<meta property=\"og:image:type\" content=\"image\/png\" \/>\n<meta name=\"twitter:card\" content=\"summary_large_image\" \/>\n<meta name=\"twitter:label1\" content=\"Est. reading time\" \/>\n\t<meta name=\"twitter:data1\" content=\"1 minute\" \/>\n<script type=\"application\/ld+json\" class=\"yoast-schema-graph\">{\"@context\":\"https:\/\/schema.org\",\"@graph\":[{\"@type\":\"WebPage\",\"@id\":\"https:\/\/aquasystembih.com\/index.php\/product\/olympic-plovni-prekidac\/\",\"url\":\"https:\/\/aquasystembih.com\/index.php\/product\/olympic-plovni-prekidac\/\",\"name\":\"OLYMPIC PLOVNI PREKIDA\u010c - AQUA SYSTEM\",\"isPartOf\":{\"@id\":\"https:\/\/aquasystembih.com\/#website\"},\"primaryImageOfPage\":{\"@id\":\"https:\/\/aquasystembih.com\/index.php\/product\/olympic-plovni-prekidac\/#primaryimage\"},\"image\":{\"@id\":\"https:\/\/aquasystembih.com\/index.php\/product\/olympic-plovni-prekidac\/#primaryimage\"},\"thumbnailUrl\":\"https:\/\/aquasystembih.com\/wp-content\/uploads\/2022\/01\/plovak-original.png\",\"datePublished\":\"2022-01-09T16:55:33+00:00\",\"dateModified\":\"2022-07-26T09:36:22+00:00\",\"breadcrumb\":{\"@id\":\"https:\/\/aquasystembih.com\/index.php\/product\/olympic-plovni-prekidac\/#breadcrumb\"},\"inLanguage\":\"en-US\",\"potentialAction\":[{\"@type\":\"ReadAction\",\"target\":[\"https:\/\/aquasystembih.com\/index.php\/product\/olympic-plovni-prekidac\/\"]}]},{\"@type\":\"ImageObject\",\"inLanguage\":\"en-US\",\"@id\":\"https:\/\/aquasystembih.com\/index.php\/product\/olympic-plovni-prekidac\/#primaryimage\",\"url\":\"https:\/\/aquasystembih.com\/wp-content\/uploads\/2022\/01\/plovak-original.png\",\"contentUrl\":\"https:\/\/aquasystembih.com\/wp-content\/uploads\/2022\/01\/plovak-original.png\",\"width\":600,\"height\":600},{\"@type\":\"BreadcrumbList\",\"@id\":\"https:\/\/aquasystembih.com\/index.php\/product\/olympic-plovni-prekidac\/#breadcrumb\",\"itemListElement\":[{\"@type\":\"ListItem\",\"position\":1,\"name\":\"Home\",\"item\":\"https:\/\/aquasystembih.com\/\"},{\"@type\":\"ListItem\",\"position\":2,\"name\":\"Shop\",\"item\":\"https:\/\/aquasystembih.com\/index.php\/shop\/\"},{\"@type\":\"ListItem\",\"position\":3,\"name\":\"OLYMPIC PLOVNI PREKIDA\u010c\"}]},{\"@type\":\"WebSite\",\"@id\":\"https:\/\/aquasystembih.com\/#website\",\"url\":\"https:\/\/aquasystembih.com\/\",\"name\":\"Aqua System\",\"description\":\"SHOWROOM\",\"potentialAction\":[{\"@type\":\"SearchAction\",\"target\":{\"@type\":\"EntryPoint\",\"urlTemplate\":\"https:\/\/aquasystembih.com\/?s={search_term_string}\"},\"query-input\":{\"@type\":\"PropertyValueSpecification\",\"valueRequired\":true,\"valueName\":\"search_term_string\"}}],\"inLanguage\":\"en-US\"}]}<\/script>\n<!-- \/ Yoast SEO plugin. -->","yoast_head_json":{"title":"OLYMPIC PLOVNI PREKIDA\u010c - AQUA SYSTEM","robots":{"index":"index","follow":"follow","max-snippet":"max-snippet:-1","max-image-preview":"max-image-preview:large","max-video-preview":"max-video-preview:-1"},"canonical":"https:\/\/aquasystembih.com\/index.php\/product\/olympic-plovni-prekidac\/","og_locale":"en_US","og_type":"article","og_title":"OLYMPIC PLOVNI PREKIDA\u010c - AQUA SYSTEM","og_description":"PRIMJENA Plovci za pumpe su pogodni za automatski rad pumpe . Prilikom prema\u0161ivanja odgovaraju\u0107e visine pumpa se automatski isklju\u0109uje. Visinu nivoa vode reguli\u0161e du\u0163inom kabla na kojem se nalazi plovak. Koriste se za za\u0161titu pumpe od nestanka vode, za automatski rad (punjenje ili pra\u0163njenje rezervoara, \u0161ahtova, tankova&#8230;). Plovci se koriste za \u010distu vodu i otpadnu [&hellip;]","og_url":"https:\/\/aquasystembih.com\/index.php\/product\/olympic-plovni-prekidac\/","og_site_name":"AQUA SYSTEM","article_publisher":"https:\/\/www.facebook.com\/aquasystemdoo","article_modified_time":"2022-07-26T09:36:22+00:00","og_image":[{"width":600,"height":600,"url":"https:\/\/aquasystembih.com\/wp-content\/uploads\/2022\/01\/plovak-original.png","type":"image\/png"}],"twitter_card":"summary_large_image","twitter_misc":{"Est. reading time":"1 minute"},"schema":{"@context":"https:\/\/schema.org","@graph":[{"@type":"WebPage","@id":"https:\/\/aquasystembih.com\/index.php\/product\/olympic-plovni-prekidac\/","url":"https:\/\/aquasystembih.com\/index.php\/product\/olympic-plovni-prekidac\/","name":"OLYMPIC PLOVNI PREKIDA\u010c - AQUA SYSTEM","isPartOf":{"@id":"https:\/\/aquasystembih.com\/#website"},"primaryImageOfPage":{"@id":"https:\/\/aquasystembih.com\/index.php\/product\/olympic-plovni-prekidac\/#primaryimage"},"image":{"@id":"https:\/\/aquasystembih.com\/index.php\/product\/olympic-plovni-prekidac\/#primaryimage"},"thumbnailUrl":"https:\/\/aquasystembih.com\/wp-content\/uploads\/2022\/01\/plovak-original.png","datePublished":"2022-01-09T16:55:33+00:00","dateModified":"2022-07-26T09:36:22+00:00","breadcrumb":{"@id":"https:\/\/aquasystembih.com\/index.php\/product\/olympic-plovni-prekidac\/#breadcrumb"},"inLanguage":"en-US","potentialAction":[{"@type":"ReadAction","target":["https:\/\/aquasystembih.com\/index.php\/product\/olympic-plovni-prekidac\/"]}]},{"@type":"ImageObject","inLanguage":"en-US","@id":"https:\/\/aquasystembih.com\/index.php\/product\/olympic-plovni-prekidac\/#primaryimage","url":"https:\/\/aquasystembih.com\/wp-content\/uploads\/2022\/01\/plovak-original.png","contentUrl":"https:\/\/aquasystembih.com\/wp-content\/uploads\/2022\/01\/plovak-original.png","width":600,"height":600},{"@type":"BreadcrumbList","@id":"https:\/\/aquasystembih.com\/index.php\/product\/olympic-plovni-prekidac\/#breadcrumb","itemListElement":[{"@type":"ListItem","position":1,"name":"Home","item":"https:\/\/aquasystembih.com\/"},{"@type":"ListItem","position":2,"name":"Shop","item":"https:\/\/aquasystembih.com\/index.php\/shop\/"},{"@type":"ListItem","position":3,"name":"OLYMPIC PLOVNI PREKIDA\u010c"}]},{"@type":"WebSite","@id":"https:\/\/aquasystembih.com\/#website","url":"https:\/\/aquasystembih.com\/","name":"Aqua System","description":"SHOWROOM","potentialAction":[{"@type":"SearchAction","target":{"@type":"EntryPoint","urlTemplate":"https:\/\/aquasystembih.com\/?s={search_term_string}"},"query-input":{"@type":"PropertyValueSpecification","valueRequired":true,"valueName":"search_term_string"}}],"inLanguage":"en-US"}]}},"_links":{"self":[{"href":"https:\/\/aquasystembih.com\/index.php\/wp-json\/wp\/v2\/product\/3471","targetHints":{"allow":["GET"]}}],"collection":[{"href":"https:\/\/aquasystembih.com\/index.php\/wp-json\/wp\/v2\/product"}],"about":[{"href":"https:\/\/aquasystembih.com\/index.php\/wp-json\/wp\/v2\/types\/product"}],"wp:featuredmedia":[{"embeddable":true,"href":"https:\/\/aquasystembih.com\/index.php\/wp-json\/wp\/v2\/media\/4376"}],"wp:attachment":[{"href":"https:\/\/aquasystembih.com\/index.php\/wp-json\/wp\/v2\/media?parent=3471"}],"wp:term":[{"taxonomy":"product_cat","embeddable":true,"href":"https:\/\/aquasystembih.com\/index.php\/wp-json\/wp\/v2\/product_cat?post=3471"},{"taxonomy":"product_tag","embeddable":true,"href":"https:\/\/aquasystembih.com\/index.php\/wp-json\/wp\/v2\/product_tag?post=3471"}],"curies":[{"name":"wp","href":"https:\/\/api.w.org\/{rel}","templated":true}]}}