{"id":3467,"date":"2022-01-09T16:48:53","date_gmt":"2022-01-09T16:48:53","guid":{"rendered":"https:\/\/aquasystembih.com\/?post_type=product&#038;p=3467"},"modified":"2022-07-26T11:11:01","modified_gmt":"2022-07-26T11:11:01","slug":"control-box-upravljaca-kutija-dyat06","status":"publish","type":"product","link":"https:\/\/aquasystembih.com\/index.php\/product\/control-box-upravljaca-kutija-dyat06\/","title":{"rendered":"CONTROL BOX \u2013 UPRAVLJA\u010cA KUTIJA DYAT06"},"content":{"rendered":"<p>Radni uslovi:<br \/>\nNazivni ulazni napon: AC380V, trofazna 50Hz \/ 60Hz.<br \/>\nNazivna izlazna snaga: 0.75-7.5KW.<br \/>\nKlasa za\u0161tite: IP22.<br \/>\nRadna temperatura: -25 ~ + 55\u00baC.<br \/>\nRadna vla\u017enost: 20% ~ 90% RH, bez kondenzacije.<br \/>\nOpis funkcije:<br \/>\nZa\u0161tita od preoptere\u0107enja.<br \/>\nMotor je zaustavio za\u0161titu.<br \/>\nZa\u0161tita suhog rada bez senzora.<br \/>\nPodnaponska za\u0161tita<br \/>\nZa\u0161tita od prenapona<br \/>\nZa\u0161tita otvorene faze<br \/>\nPrijelazna za\u0161tita od prenapona<br \/>\nFunkcija memorije kada se isklju\u010di i obnovi LCD zaslon koji prikazuje status rada pumpe<br \/>\nPrikazuje sepumpe posljednjih pet gre\u0161aka<br \/>\nKalibracija gumba<br \/>\nDimenzije: 170 * 155 * 85mm<\/p>\n<p>Modeli:<br \/>\n2,2kw<br \/>\n3kw<br \/>\n4kw<\/p>\n","protected":false},"excerpt":{"rendered":"<p>Radni uslovi: Nazivni ulazni napon: AC380V, trofazna 50Hz \/ 60Hz. Nazivna izlazna snaga: 0.75-7.5KW. Klasa za\u0161tite: IP22. Radna temperatura: -25 ~ + 55\u00baC. Radna vla\u017enost: 20% ~ 90% RH, bez kondenzacije. Opis funkcije: Za\u0161tita od preoptere\u0107enja. Motor je zaustavio za\u0161titu. Za\u0161tita suhog rada bez senzora. Podnaponska za\u0161tita Za\u0161tita od prenapona Za\u0161tita otvorene faze Prijelazna za\u0161tita [&hellip;]<\/p>\n","protected":false},"featured_media":4391,"template":"","meta":[],"product_cat":[182,177],"product_tag":[],"class_list":{"0":"post-3467","1":"product","2":"type-product","3":"status-publish","4":"has-post-thumbnail","6":"product_cat-inverteri-i-upravljacki-ormari","7":"product_cat-oprema-za-pumpe","9":"first","10":"instock","11":"taxable","12":"shipping-taxable","13":"product-type-simple"},"yoast_head":"<!-- This site is optimized with the Yoast SEO plugin v23.5 - https:\/\/yoast.com\/wordpress\/plugins\/seo\/ -->\n<title>CONTROL BOX \u2013 UPRAVLJA\u010cA KUTIJA DYAT06 - AQUA SYSTEM<\/title>\n<meta name=\"robots\" content=\"index, follow, max-snippet:-1, max-image-preview:large, max-video-preview:-1\" \/>\n<link rel=\"canonical\" href=\"https:\/\/aquasystembih.com\/index.php\/product\/control-box-upravljaca-kutija-dyat06\/\" \/>\n<meta property=\"og:locale\" content=\"en_US\" \/>\n<meta property=\"og:type\" content=\"article\" \/>\n<meta property=\"og:title\" content=\"CONTROL BOX \u2013 UPRAVLJA\u010cA KUTIJA DYAT06 - AQUA SYSTEM\" \/>\n<meta property=\"og:description\" content=\"Radni uslovi: Nazivni ulazni napon: AC380V, trofazna 50Hz \/ 60Hz. Nazivna izlazna snaga: 0.75-7.5KW. Klasa za\u0161tite: IP22. Radna temperatura: -25 ~ + 55\u00baC. Radna vla\u017enost: 20% ~ 90% RH, bez kondenzacije. Opis funkcije: Za\u0161tita od preoptere\u0107enja. Motor je zaustavio za\u0161titu. Za\u0161tita suhog rada bez senzora. Podnaponska za\u0161tita Za\u0161tita od prenapona Za\u0161tita otvorene faze Prijelazna za\u0161tita [&hellip;]\" \/>\n<meta property=\"og:url\" content=\"https:\/\/aquasystembih.com\/index.php\/product\/control-box-upravljaca-kutija-dyat06\/\" \/>\n<meta property=\"og:site_name\" content=\"AQUA SYSTEM\" \/>\n<meta property=\"article:publisher\" content=\"https:\/\/www.facebook.com\/aquasystemdoo\" \/>\n<meta property=\"article:modified_time\" content=\"2022-07-26T11:11:01+00:00\" \/>\n<meta property=\"og:image\" content=\"https:\/\/aquasystembih.com\/wp-content\/uploads\/2022\/01\/Control-box-DYA.jpg\" \/>\n\t<meta property=\"og:image:width\" content=\"730\" \/>\n\t<meta property=\"og:image:height\" content=\"730\" \/>\n\t<meta property=\"og:image:type\" content=\"image\/jpeg\" \/>\n<meta name=\"twitter:card\" content=\"summary_large_image\" \/>\n<script type=\"application\/ld+json\" class=\"yoast-schema-graph\">{\"@context\":\"https:\/\/schema.org\",\"@graph\":[{\"@type\":\"WebPage\",\"@id\":\"https:\/\/aquasystembih.com\/index.php\/product\/control-box-upravljaca-kutija-dyat06\/\",\"url\":\"https:\/\/aquasystembih.com\/index.php\/product\/control-box-upravljaca-kutija-dyat06\/\",\"name\":\"CONTROL BOX \u2013 UPRAVLJA\u010cA KUTIJA DYAT06 - AQUA SYSTEM\",\"isPartOf\":{\"@id\":\"https:\/\/aquasystembih.com\/#website\"},\"primaryImageOfPage\":{\"@id\":\"https:\/\/aquasystembih.com\/index.php\/product\/control-box-upravljaca-kutija-dyat06\/#primaryimage\"},\"image\":{\"@id\":\"https:\/\/aquasystembih.com\/index.php\/product\/control-box-upravljaca-kutija-dyat06\/#primaryimage\"},\"thumbnailUrl\":\"https:\/\/aquasystembih.com\/wp-content\/uploads\/2022\/01\/Control-box-DYA.jpg\",\"datePublished\":\"2022-01-09T16:48:53+00:00\",\"dateModified\":\"2022-07-26T11:11:01+00:00\",\"breadcrumb\":{\"@id\":\"https:\/\/aquasystembih.com\/index.php\/product\/control-box-upravljaca-kutija-dyat06\/#breadcrumb\"},\"inLanguage\":\"en-US\",\"potentialAction\":[{\"@type\":\"ReadAction\",\"target\":[\"https:\/\/aquasystembih.com\/index.php\/product\/control-box-upravljaca-kutija-dyat06\/\"]}]},{\"@type\":\"ImageObject\",\"inLanguage\":\"en-US\",\"@id\":\"https:\/\/aquasystembih.com\/index.php\/product\/control-box-upravljaca-kutija-dyat06\/#primaryimage\",\"url\":\"https:\/\/aquasystembih.com\/wp-content\/uploads\/2022\/01\/Control-box-DYA.jpg\",\"contentUrl\":\"https:\/\/aquasystembih.com\/wp-content\/uploads\/2022\/01\/Control-box-DYA.jpg\",\"width\":730,\"height\":730},{\"@type\":\"BreadcrumbList\",\"@id\":\"https:\/\/aquasystembih.com\/index.php\/product\/control-box-upravljaca-kutija-dyat06\/#breadcrumb\",\"itemListElement\":[{\"@type\":\"ListItem\",\"position\":1,\"name\":\"Home\",\"item\":\"https:\/\/aquasystembih.com\/\"},{\"@type\":\"ListItem\",\"position\":2,\"name\":\"Shop\",\"item\":\"https:\/\/aquasystembih.com\/index.php\/shop\/\"},{\"@type\":\"ListItem\",\"position\":3,\"name\":\"CONTROL BOX \u2013 UPRAVLJA\u010cA KUTIJA DYAT06\"}]},{\"@type\":\"WebSite\",\"@id\":\"https:\/\/aquasystembih.com\/#website\",\"url\":\"https:\/\/aquasystembih.com\/\",\"name\":\"Aqua System\",\"description\":\"SHOWROOM\",\"potentialAction\":[{\"@type\":\"SearchAction\",\"target\":{\"@type\":\"EntryPoint\",\"urlTemplate\":\"https:\/\/aquasystembih.com\/?s={search_term_string}\"},\"query-input\":{\"@type\":\"PropertyValueSpecification\",\"valueRequired\":true,\"valueName\":\"search_term_string\"}}],\"inLanguage\":\"en-US\"}]}<\/script>\n<!-- \/ Yoast SEO plugin. -->","yoast_head_json":{"title":"CONTROL BOX \u2013 UPRAVLJA\u010cA KUTIJA DYAT06 - AQUA SYSTEM","robots":{"index":"index","follow":"follow","max-snippet":"max-snippet:-1","max-image-preview":"max-image-preview:large","max-video-preview":"max-video-preview:-1"},"canonical":"https:\/\/aquasystembih.com\/index.php\/product\/control-box-upravljaca-kutija-dyat06\/","og_locale":"en_US","og_type":"article","og_title":"CONTROL BOX \u2013 UPRAVLJA\u010cA KUTIJA DYAT06 - AQUA SYSTEM","og_description":"Radni uslovi: Nazivni ulazni napon: AC380V, trofazna 50Hz \/ 60Hz. Nazivna izlazna snaga: 0.75-7.5KW. Klasa za\u0161tite: IP22. Radna temperatura: -25 ~ + 55\u00baC. Radna vla\u017enost: 20% ~ 90% RH, bez kondenzacije. Opis funkcije: Za\u0161tita od preoptere\u0107enja. Motor je zaustavio za\u0161titu. Za\u0161tita suhog rada bez senzora. Podnaponska za\u0161tita Za\u0161tita od prenapona Za\u0161tita otvorene faze Prijelazna za\u0161tita [&hellip;]","og_url":"https:\/\/aquasystembih.com\/index.php\/product\/control-box-upravljaca-kutija-dyat06\/","og_site_name":"AQUA SYSTEM","article_publisher":"https:\/\/www.facebook.com\/aquasystemdoo","article_modified_time":"2022-07-26T11:11:01+00:00","og_image":[{"width":730,"height":730,"url":"https:\/\/aquasystembih.com\/wp-content\/uploads\/2022\/01\/Control-box-DYA.jpg","type":"image\/jpeg"}],"twitter_card":"summary_large_image","schema":{"@context":"https:\/\/schema.org","@graph":[{"@type":"WebPage","@id":"https:\/\/aquasystembih.com\/index.php\/product\/control-box-upravljaca-kutija-dyat06\/","url":"https:\/\/aquasystembih.com\/index.php\/product\/control-box-upravljaca-kutija-dyat06\/","name":"CONTROL BOX \u2013 UPRAVLJA\u010cA KUTIJA DYAT06 - AQUA SYSTEM","isPartOf":{"@id":"https:\/\/aquasystembih.com\/#website"},"primaryImageOfPage":{"@id":"https:\/\/aquasystembih.com\/index.php\/product\/control-box-upravljaca-kutija-dyat06\/#primaryimage"},"image":{"@id":"https:\/\/aquasystembih.com\/index.php\/product\/control-box-upravljaca-kutija-dyat06\/#primaryimage"},"thumbnailUrl":"https:\/\/aquasystembih.com\/wp-content\/uploads\/2022\/01\/Control-box-DYA.jpg","datePublished":"2022-01-09T16:48:53+00:00","dateModified":"2022-07-26T11:11:01+00:00","breadcrumb":{"@id":"https:\/\/aquasystembih.com\/index.php\/product\/control-box-upravljaca-kutija-dyat06\/#breadcrumb"},"inLanguage":"en-US","potentialAction":[{"@type":"ReadAction","target":["https:\/\/aquasystembih.com\/index.php\/product\/control-box-upravljaca-kutija-dyat06\/"]}]},{"@type":"ImageObject","inLanguage":"en-US","@id":"https:\/\/aquasystembih.com\/index.php\/product\/control-box-upravljaca-kutija-dyat06\/#primaryimage","url":"https:\/\/aquasystembih.com\/wp-content\/uploads\/2022\/01\/Control-box-DYA.jpg","contentUrl":"https:\/\/aquasystembih.com\/wp-content\/uploads\/2022\/01\/Control-box-DYA.jpg","width":730,"height":730},{"@type":"BreadcrumbList","@id":"https:\/\/aquasystembih.com\/index.php\/product\/control-box-upravljaca-kutija-dyat06\/#breadcrumb","itemListElement":[{"@type":"ListItem","position":1,"name":"Home","item":"https:\/\/aquasystembih.com\/"},{"@type":"ListItem","position":2,"name":"Shop","item":"https:\/\/aquasystembih.com\/index.php\/shop\/"},{"@type":"ListItem","position":3,"name":"CONTROL BOX \u2013 UPRAVLJA\u010cA KUTIJA DYAT06"}]},{"@type":"WebSite","@id":"https:\/\/aquasystembih.com\/#website","url":"https:\/\/aquasystembih.com\/","name":"Aqua System","description":"SHOWROOM","potentialAction":[{"@type":"SearchAction","target":{"@type":"EntryPoint","urlTemplate":"https:\/\/aquasystembih.com\/?s={search_term_string}"},"query-input":{"@type":"PropertyValueSpecification","valueRequired":true,"valueName":"search_term_string"}}],"inLanguage":"en-US"}]}},"_links":{"self":[{"href":"https:\/\/aquasystembih.com\/index.php\/wp-json\/wp\/v2\/product\/3467","targetHints":{"allow":["GET"]}}],"collection":[{"href":"https:\/\/aquasystembih.com\/index.php\/wp-json\/wp\/v2\/product"}],"about":[{"href":"https:\/\/aquasystembih.com\/index.php\/wp-json\/wp\/v2\/types\/product"}],"wp:featuredmedia":[{"embeddable":true,"href":"https:\/\/aquasystembih.com\/index.php\/wp-json\/wp\/v2\/media\/4391"}],"wp:attachment":[{"href":"https:\/\/aquasystembih.com\/index.php\/wp-json\/wp\/v2\/media?parent=3467"}],"wp:term":[{"taxonomy":"product_cat","embeddable":true,"href":"https:\/\/aquasystembih.com\/index.php\/wp-json\/wp\/v2\/product_cat?post=3467"},{"taxonomy":"product_tag","embeddable":true,"href":"https:\/\/aquasystembih.com\/index.php\/wp-json\/wp\/v2\/product_tag?post=3467"}],"curies":[{"name":"wp","href":"https:\/\/api.w.org\/{rel}","templated":true}]}}