{"id":3363,"date":"2022-01-04T16:29:03","date_gmt":"2022-01-04T16:29:03","guid":{"rendered":"https:\/\/aquasystembih.com\/?post_type=product&#038;p=3363"},"modified":"2022-08-01T11:09:18","modified_gmt":"2022-08-01T11:09:18","slug":"hidropaci-aqua-pumps","status":"publish","type":"product","link":"https:\/\/aquasystembih.com\/index.php\/product\/hidropaci-aqua-pumps\/","title":{"rendered":"HIDROPACI ( AUTO AQ60 80 90 )"},"content":{"rendered":"<p>RADNI USLOVI<br \/>\n-Temperature vode do 45 \u00b0 C \/ &#8211; Pijesak sadr\u017eaj max. 50 g\/m3 \/<\/p>\n<p>MATERIJAL PUMPE &#8211; Ku\u0107i\u0161te od od lijevanog \u010delika(gusa) \/- Vratilo motora od nehr\u0111aju\u0107eg<br \/>\n\u010delika\u2013inox\/- Radno kolo od mesinga<\/p>\n<p>&nbsp;<\/p>\n<p>Model:AUTO AQ60<br \/>\nSnaga:0,55kw\/230V<br \/>\nHmax:34 m<br \/>\nQmax:2,1m3\/h<\/p>\n<p>Model:AUTO AQ80<br \/>\nSnaga:0,75kw\/230V<br \/>\nHmax:56 m<br \/>\nQmax:3m3\/h<\/p>\n<p>Model:AUTO AQ90<br \/>\nSnaga:1,1kw\/230V<br \/>\nHmax:62 m<br \/>\nQmax:3m3\/h<\/p>\n","protected":false},"excerpt":{"rendered":"<p>RADNI USLOVI -Temperature vode do 45 \u00b0 C \/ &#8211; Pijesak sadr\u017eaj max. 50 g\/m3 \/ MATERIJAL PUMPE &#8211; Ku\u0107i\u0161te od od lijevanog \u010delika(gusa) \/- Vratilo motora od nehr\u0111aju\u0107eg \u010delika\u2013inox\/- Radno kolo od mesinga &nbsp; Model:AUTO AQ60 Snaga:0,55kw\/230V Hmax:34 m Qmax:2,1m3\/h Model:AUTO AQ80 Snaga:0,75kw\/230V Hmax:56 m Qmax:3m3\/h Model:AUTO AQ90 Snaga:1,1kw\/230V Hmax:62 m Qmax:3m3\/h<\/p>\n","protected":false},"featured_media":4884,"template":"","meta":[],"product_cat":[220,219],"product_tag":[],"class_list":{"0":"post-3363","1":"product","2":"type-product","3":"status-publish","4":"has-post-thumbnail","6":"product_cat-hidropaci-i-hidro-kompleti","7":"product_cat-povrsinske-pumpe","9":"first","10":"instock","11":"taxable","12":"shipping-taxable","13":"product-type-simple"},"yoast_head":"<!-- This site is optimized with the Yoast SEO plugin v23.5 - https:\/\/yoast.com\/wordpress\/plugins\/seo\/ -->\n<title>HIDROPACI ( AUTO AQ60 80 90 ) - AQUA SYSTEM<\/title>\n<meta name=\"robots\" content=\"index, follow, max-snippet:-1, max-image-preview:large, max-video-preview:-1\" \/>\n<link rel=\"canonical\" href=\"https:\/\/aquasystembih.com\/index.php\/product\/hidropaci-aqua-pumps\/\" \/>\n<meta property=\"og:locale\" content=\"en_US\" \/>\n<meta property=\"og:type\" content=\"article\" \/>\n<meta property=\"og:title\" content=\"HIDROPACI ( AUTO AQ60 80 90 ) - AQUA SYSTEM\" \/>\n<meta property=\"og:description\" content=\"RADNI USLOVI -Temperature vode do 45 \u00b0 C \/ &#8211; Pijesak sadr\u017eaj max. 50 g\/m3 \/ MATERIJAL PUMPE &#8211; Ku\u0107i\u0161te od od lijevanog \u010delika(gusa) \/- Vratilo motora od nehr\u0111aju\u0107eg \u010delika\u2013inox\/- Radno kolo od mesinga &nbsp; Model:AUTO AQ60 Snaga:0,55kw\/230V Hmax:34 m Qmax:2,1m3\/h Model:AUTO AQ80 Snaga:0,75kw\/230V Hmax:56 m Qmax:3m3\/h Model:AUTO AQ90 Snaga:1,1kw\/230V Hmax:62 m Qmax:3m3\/h\" \/>\n<meta property=\"og:url\" content=\"https:\/\/aquasystembih.com\/index.php\/product\/hidropaci-aqua-pumps\/\" \/>\n<meta property=\"og:site_name\" content=\"AQUA SYSTEM\" \/>\n<meta property=\"article:publisher\" content=\"https:\/\/www.facebook.com\/aquasystemdoo\" \/>\n<meta property=\"article:modified_time\" content=\"2022-08-01T11:09:18+00:00\" \/>\n<meta property=\"og:image\" content=\"https:\/\/aquasystembih.com\/wp-content\/uploads\/2022\/01\/Hidropak-aq90-3.jpg\" \/>\n\t<meta property=\"og:image:width\" content=\"375\" \/>\n\t<meta property=\"og:image:height\" content=\"378\" \/>\n\t<meta property=\"og:image:type\" content=\"image\/jpeg\" \/>\n<meta name=\"twitter:card\" content=\"summary_large_image\" \/>\n<script type=\"application\/ld+json\" class=\"yoast-schema-graph\">{\"@context\":\"https:\/\/schema.org\",\"@graph\":[{\"@type\":\"WebPage\",\"@id\":\"https:\/\/aquasystembih.com\/index.php\/product\/hidropaci-aqua-pumps\/\",\"url\":\"https:\/\/aquasystembih.com\/index.php\/product\/hidropaci-aqua-pumps\/\",\"name\":\"HIDROPACI ( AUTO AQ60 80 90 ) - AQUA SYSTEM\",\"isPartOf\":{\"@id\":\"https:\/\/aquasystembih.com\/#website\"},\"primaryImageOfPage\":{\"@id\":\"https:\/\/aquasystembih.com\/index.php\/product\/hidropaci-aqua-pumps\/#primaryimage\"},\"image\":{\"@id\":\"https:\/\/aquasystembih.com\/index.php\/product\/hidropaci-aqua-pumps\/#primaryimage\"},\"thumbnailUrl\":\"https:\/\/aquasystembih.com\/wp-content\/uploads\/2022\/01\/Hidropak-aq90-3.jpg\",\"datePublished\":\"2022-01-04T16:29:03+00:00\",\"dateModified\":\"2022-08-01T11:09:18+00:00\",\"breadcrumb\":{\"@id\":\"https:\/\/aquasystembih.com\/index.php\/product\/hidropaci-aqua-pumps\/#breadcrumb\"},\"inLanguage\":\"en-US\",\"potentialAction\":[{\"@type\":\"ReadAction\",\"target\":[\"https:\/\/aquasystembih.com\/index.php\/product\/hidropaci-aqua-pumps\/\"]}]},{\"@type\":\"ImageObject\",\"inLanguage\":\"en-US\",\"@id\":\"https:\/\/aquasystembih.com\/index.php\/product\/hidropaci-aqua-pumps\/#primaryimage\",\"url\":\"https:\/\/aquasystembih.com\/wp-content\/uploads\/2022\/01\/Hidropak-aq90-3.jpg\",\"contentUrl\":\"https:\/\/aquasystembih.com\/wp-content\/uploads\/2022\/01\/Hidropak-aq90-3.jpg\",\"width\":375,\"height\":378},{\"@type\":\"BreadcrumbList\",\"@id\":\"https:\/\/aquasystembih.com\/index.php\/product\/hidropaci-aqua-pumps\/#breadcrumb\",\"itemListElement\":[{\"@type\":\"ListItem\",\"position\":1,\"name\":\"Home\",\"item\":\"https:\/\/aquasystembih.com\/\"},{\"@type\":\"ListItem\",\"position\":2,\"name\":\"Shop\",\"item\":\"https:\/\/aquasystembih.com\/index.php\/shop\/\"},{\"@type\":\"ListItem\",\"position\":3,\"name\":\"HIDROPACI ( AUTO AQ60 80 90 )\"}]},{\"@type\":\"WebSite\",\"@id\":\"https:\/\/aquasystembih.com\/#website\",\"url\":\"https:\/\/aquasystembih.com\/\",\"name\":\"Aqua System\",\"description\":\"SHOWROOM\",\"potentialAction\":[{\"@type\":\"SearchAction\",\"target\":{\"@type\":\"EntryPoint\",\"urlTemplate\":\"https:\/\/aquasystembih.com\/?s={search_term_string}\"},\"query-input\":{\"@type\":\"PropertyValueSpecification\",\"valueRequired\":true,\"valueName\":\"search_term_string\"}}],\"inLanguage\":\"en-US\"}]}<\/script>\n<!-- \/ Yoast SEO plugin. -->","yoast_head_json":{"title":"HIDROPACI ( AUTO AQ60 80 90 ) - AQUA SYSTEM","robots":{"index":"index","follow":"follow","max-snippet":"max-snippet:-1","max-image-preview":"max-image-preview:large","max-video-preview":"max-video-preview:-1"},"canonical":"https:\/\/aquasystembih.com\/index.php\/product\/hidropaci-aqua-pumps\/","og_locale":"en_US","og_type":"article","og_title":"HIDROPACI ( AUTO AQ60 80 90 ) - AQUA SYSTEM","og_description":"RADNI USLOVI -Temperature vode do 45 \u00b0 C \/ &#8211; Pijesak sadr\u017eaj max. 50 g\/m3 \/ MATERIJAL PUMPE &#8211; Ku\u0107i\u0161te od od lijevanog \u010delika(gusa) \/- Vratilo motora od nehr\u0111aju\u0107eg \u010delika\u2013inox\/- Radno kolo od mesinga &nbsp; Model:AUTO AQ60 Snaga:0,55kw\/230V Hmax:34 m Qmax:2,1m3\/h Model:AUTO AQ80 Snaga:0,75kw\/230V Hmax:56 m Qmax:3m3\/h Model:AUTO AQ90 Snaga:1,1kw\/230V Hmax:62 m Qmax:3m3\/h","og_url":"https:\/\/aquasystembih.com\/index.php\/product\/hidropaci-aqua-pumps\/","og_site_name":"AQUA SYSTEM","article_publisher":"https:\/\/www.facebook.com\/aquasystemdoo","article_modified_time":"2022-08-01T11:09:18+00:00","og_image":[{"width":375,"height":378,"url":"https:\/\/aquasystembih.com\/wp-content\/uploads\/2022\/01\/Hidropak-aq90-3.jpg","type":"image\/jpeg"}],"twitter_card":"summary_large_image","schema":{"@context":"https:\/\/schema.org","@graph":[{"@type":"WebPage","@id":"https:\/\/aquasystembih.com\/index.php\/product\/hidropaci-aqua-pumps\/","url":"https:\/\/aquasystembih.com\/index.php\/product\/hidropaci-aqua-pumps\/","name":"HIDROPACI ( AUTO AQ60 80 90 ) - AQUA SYSTEM","isPartOf":{"@id":"https:\/\/aquasystembih.com\/#website"},"primaryImageOfPage":{"@id":"https:\/\/aquasystembih.com\/index.php\/product\/hidropaci-aqua-pumps\/#primaryimage"},"image":{"@id":"https:\/\/aquasystembih.com\/index.php\/product\/hidropaci-aqua-pumps\/#primaryimage"},"thumbnailUrl":"https:\/\/aquasystembih.com\/wp-content\/uploads\/2022\/01\/Hidropak-aq90-3.jpg","datePublished":"2022-01-04T16:29:03+00:00","dateModified":"2022-08-01T11:09:18+00:00","breadcrumb":{"@id":"https:\/\/aquasystembih.com\/index.php\/product\/hidropaci-aqua-pumps\/#breadcrumb"},"inLanguage":"en-US","potentialAction":[{"@type":"ReadAction","target":["https:\/\/aquasystembih.com\/index.php\/product\/hidropaci-aqua-pumps\/"]}]},{"@type":"ImageObject","inLanguage":"en-US","@id":"https:\/\/aquasystembih.com\/index.php\/product\/hidropaci-aqua-pumps\/#primaryimage","url":"https:\/\/aquasystembih.com\/wp-content\/uploads\/2022\/01\/Hidropak-aq90-3.jpg","contentUrl":"https:\/\/aquasystembih.com\/wp-content\/uploads\/2022\/01\/Hidropak-aq90-3.jpg","width":375,"height":378},{"@type":"BreadcrumbList","@id":"https:\/\/aquasystembih.com\/index.php\/product\/hidropaci-aqua-pumps\/#breadcrumb","itemListElement":[{"@type":"ListItem","position":1,"name":"Home","item":"https:\/\/aquasystembih.com\/"},{"@type":"ListItem","position":2,"name":"Shop","item":"https:\/\/aquasystembih.com\/index.php\/shop\/"},{"@type":"ListItem","position":3,"name":"HIDROPACI ( AUTO AQ60 80 90 )"}]},{"@type":"WebSite","@id":"https:\/\/aquasystembih.com\/#website","url":"https:\/\/aquasystembih.com\/","name":"Aqua System","description":"SHOWROOM","potentialAction":[{"@type":"SearchAction","target":{"@type":"EntryPoint","urlTemplate":"https:\/\/aquasystembih.com\/?s={search_term_string}"},"query-input":{"@type":"PropertyValueSpecification","valueRequired":true,"valueName":"search_term_string"}}],"inLanguage":"en-US"}]}},"_links":{"self":[{"href":"https:\/\/aquasystembih.com\/index.php\/wp-json\/wp\/v2\/product\/3363","targetHints":{"allow":["GET"]}}],"collection":[{"href":"https:\/\/aquasystembih.com\/index.php\/wp-json\/wp\/v2\/product"}],"about":[{"href":"https:\/\/aquasystembih.com\/index.php\/wp-json\/wp\/v2\/types\/product"}],"wp:featuredmedia":[{"embeddable":true,"href":"https:\/\/aquasystembih.com\/index.php\/wp-json\/wp\/v2\/media\/4884"}],"wp:attachment":[{"href":"https:\/\/aquasystembih.com\/index.php\/wp-json\/wp\/v2\/media?parent=3363"}],"wp:term":[{"taxonomy":"product_cat","embeddable":true,"href":"https:\/\/aquasystembih.com\/index.php\/wp-json\/wp\/v2\/product_cat?post=3363"},{"taxonomy":"product_tag","embeddable":true,"href":"https:\/\/aquasystembih.com\/index.php\/wp-json\/wp\/v2\/product_tag?post=3363"}],"curies":[{"name":"wp","href":"https:\/\/api.w.org\/{rel}","templated":true}]}}