{"id":2400,"date":"2021-12-07T18:56:58","date_gmt":"2021-12-07T18:56:58","guid":{"rendered":"https:\/\/aquasystembih.com\/?post_type=product&#038;p=2400"},"modified":"2022-08-01T11:13:51","modified_gmt":"2022-08-01T11:13:51","slug":"aqua","status":"publish","type":"product","link":"https:\/\/aquasystembih.com\/index.php\/product\/aqua\/","title":{"rendered":"AQUA"},"content":{"rendered":"<p>RADNI USLOVI<br \/>\n-Temperature vode do 45 \u00b0 C \/ &#8211; Pijesak sadr\u017eaj max. 50 g\/m3 \/<br \/>\nMATERIJAL PUMPE &#8211; Ku\u0107i\u0161te od od lijevanog \u010delika(gusa) \/- Vratilo motora od nehr\u0111aju\u0107eg<br \/>\n\u010delika\u2013inox\/- Radno kolo od mesinga<\/p>\n<p>&nbsp;<\/p>\n<p>Model:AQ60<br \/>\nSnaga:0,55kw\/230V<br \/>\nHmax:35 m<br \/>\nQmax:2,1m3\/h<\/p>\n<p>&nbsp;<\/p>\n<p>Model:AQ80<br \/>\nSnaga:0,75kw\/230V<br \/>\nHmax:56 m<br \/>\nQmax:3m3\/h<br \/>\nVpc:140,00 KM<\/p>\n<p>&nbsp;<\/p>\n<p>Model:AQ90<br \/>\nSnaga:1,1kw\/230V<br \/>\nHmax:62 m<br \/>\nQmax:3m3\/h<\/p>\n","protected":false},"excerpt":{"rendered":"<p>RADNI USLOVI -Temperature vode do 45 \u00b0 C \/ &#8211; Pijesak sadr\u017eaj max. 50 g\/m3 \/ MATERIJAL PUMPE &#8211; Ku\u0107i\u0161te od od lijevanog \u010delika(gusa) \/- Vratilo motora od nehr\u0111aju\u0107eg \u010delika\u2013inox\/- Radno kolo od mesinga &nbsp; Model:AQ60 Snaga:0,55kw\/230V Hmax:35 m Qmax:2,1m3\/h &nbsp; Model:AQ80 Snaga:0,75kw\/230V Hmax:56 m Qmax:3m3\/h Vpc:140,00 KM &nbsp; Model:AQ90 Snaga:1,1kw\/230V Hmax:62 m Qmax:3m3\/h<\/p>\n","protected":false},"featured_media":4889,"template":"","meta":[],"product_cat":[221,219],"product_tag":[],"class_list":{"0":"post-2400","1":"product","2":"type-product","3":"status-publish","4":"has-post-thumbnail","6":"product_cat-jednostepene-i-visestepene-pumpe","7":"product_cat-povrsinske-pumpe","8":"pa_power-055kw-230v","9":"pa_power-075kw-230v","10":"pa_power-11kw-230v","11":"pa_power-16kw-230v","12":"pa_power-22kw-230v","14":"first","15":"instock","16":"taxable","17":"shipping-taxable","18":"purchasable","19":"product-type-variable"},"yoast_head":"<!-- This site is optimized with the Yoast SEO plugin v23.5 - https:\/\/yoast.com\/wordpress\/plugins\/seo\/ -->\n<title>AQUA - AQUA SYSTEM<\/title>\n<meta name=\"robots\" content=\"index, follow, max-snippet:-1, max-image-preview:large, max-video-preview:-1\" \/>\n<link rel=\"canonical\" href=\"https:\/\/aquasystembih.com\/index.php\/product\/aqua\/\" \/>\n<meta property=\"og:locale\" content=\"en_US\" \/>\n<meta property=\"og:type\" content=\"article\" \/>\n<meta property=\"og:title\" content=\"AQUA - AQUA SYSTEM\" \/>\n<meta property=\"og:description\" content=\"RADNI USLOVI -Temperature vode do 45 \u00b0 C \/ &#8211; Pijesak sadr\u017eaj max. 50 g\/m3 \/ MATERIJAL PUMPE &#8211; Ku\u0107i\u0161te od od lijevanog \u010delika(gusa) \/- Vratilo motora od nehr\u0111aju\u0107eg \u010delika\u2013inox\/- Radno kolo od mesinga &nbsp; Model:AQ60 Snaga:0,55kw\/230V Hmax:35 m Qmax:2,1m3\/h &nbsp; Model:AQ80 Snaga:0,75kw\/230V Hmax:56 m Qmax:3m3\/h Vpc:140,00 KM &nbsp; Model:AQ90 Snaga:1,1kw\/230V Hmax:62 m Qmax:3m3\/h\" \/>\n<meta property=\"og:url\" content=\"https:\/\/aquasystembih.com\/index.php\/product\/aqua\/\" \/>\n<meta property=\"og:site_name\" content=\"AQUA SYSTEM\" \/>\n<meta property=\"article:publisher\" content=\"https:\/\/www.facebook.com\/aquasystemdoo\" \/>\n<meta property=\"article:modified_time\" content=\"2022-08-01T11:13:51+00:00\" \/>\n<meta property=\"og:image\" content=\"https:\/\/aquasystembih.com\/wp-content\/uploads\/2021\/12\/Jednostepena-pumpa1-4.jpg\" \/>\n\t<meta property=\"og:image:width\" content=\"741\" \/>\n\t<meta property=\"og:image:height\" content=\"573\" \/>\n\t<meta property=\"og:image:type\" content=\"image\/jpeg\" \/>\n<meta name=\"twitter:card\" content=\"summary_large_image\" \/>\n<script type=\"application\/ld+json\" class=\"yoast-schema-graph\">{\"@context\":\"https:\/\/schema.org\",\"@graph\":[{\"@type\":\"WebPage\",\"@id\":\"https:\/\/aquasystembih.com\/index.php\/product\/aqua\/\",\"url\":\"https:\/\/aquasystembih.com\/index.php\/product\/aqua\/\",\"name\":\"AQUA - AQUA SYSTEM\",\"isPartOf\":{\"@id\":\"https:\/\/aquasystembih.com\/#website\"},\"primaryImageOfPage\":{\"@id\":\"https:\/\/aquasystembih.com\/index.php\/product\/aqua\/#primaryimage\"},\"image\":{\"@id\":\"https:\/\/aquasystembih.com\/index.php\/product\/aqua\/#primaryimage\"},\"thumbnailUrl\":\"https:\/\/aquasystembih.com\/wp-content\/uploads\/2021\/12\/Jednostepena-pumpa1-4.jpg\",\"datePublished\":\"2021-12-07T18:56:58+00:00\",\"dateModified\":\"2022-08-01T11:13:51+00:00\",\"breadcrumb\":{\"@id\":\"https:\/\/aquasystembih.com\/index.php\/product\/aqua\/#breadcrumb\"},\"inLanguage\":\"en-US\",\"potentialAction\":[{\"@type\":\"ReadAction\",\"target\":[\"https:\/\/aquasystembih.com\/index.php\/product\/aqua\/\"]}]},{\"@type\":\"ImageObject\",\"inLanguage\":\"en-US\",\"@id\":\"https:\/\/aquasystembih.com\/index.php\/product\/aqua\/#primaryimage\",\"url\":\"https:\/\/aquasystembih.com\/wp-content\/uploads\/2021\/12\/Jednostepena-pumpa1-4.jpg\",\"contentUrl\":\"https:\/\/aquasystembih.com\/wp-content\/uploads\/2021\/12\/Jednostepena-pumpa1-4.jpg\",\"width\":741,\"height\":573},{\"@type\":\"BreadcrumbList\",\"@id\":\"https:\/\/aquasystembih.com\/index.php\/product\/aqua\/#breadcrumb\",\"itemListElement\":[{\"@type\":\"ListItem\",\"position\":1,\"name\":\"Home\",\"item\":\"https:\/\/aquasystembih.com\/\"},{\"@type\":\"ListItem\",\"position\":2,\"name\":\"Shop\",\"item\":\"https:\/\/aquasystembih.com\/index.php\/shop\/\"},{\"@type\":\"ListItem\",\"position\":3,\"name\":\"AQUA\"}]},{\"@type\":\"WebSite\",\"@id\":\"https:\/\/aquasystembih.com\/#website\",\"url\":\"https:\/\/aquasystembih.com\/\",\"name\":\"Aqua System\",\"description\":\"SHOWROOM\",\"potentialAction\":[{\"@type\":\"SearchAction\",\"target\":{\"@type\":\"EntryPoint\",\"urlTemplate\":\"https:\/\/aquasystembih.com\/?s={search_term_string}\"},\"query-input\":{\"@type\":\"PropertyValueSpecification\",\"valueRequired\":true,\"valueName\":\"search_term_string\"}}],\"inLanguage\":\"en-US\"}]}<\/script>\n<!-- \/ Yoast SEO plugin. -->","yoast_head_json":{"title":"AQUA - AQUA SYSTEM","robots":{"index":"index","follow":"follow","max-snippet":"max-snippet:-1","max-image-preview":"max-image-preview:large","max-video-preview":"max-video-preview:-1"},"canonical":"https:\/\/aquasystembih.com\/index.php\/product\/aqua\/","og_locale":"en_US","og_type":"article","og_title":"AQUA - AQUA SYSTEM","og_description":"RADNI USLOVI -Temperature vode do 45 \u00b0 C \/ &#8211; Pijesak sadr\u017eaj max. 50 g\/m3 \/ MATERIJAL PUMPE &#8211; Ku\u0107i\u0161te od od lijevanog \u010delika(gusa) \/- Vratilo motora od nehr\u0111aju\u0107eg \u010delika\u2013inox\/- Radno kolo od mesinga &nbsp; Model:AQ60 Snaga:0,55kw\/230V Hmax:35 m Qmax:2,1m3\/h &nbsp; Model:AQ80 Snaga:0,75kw\/230V Hmax:56 m Qmax:3m3\/h Vpc:140,00 KM &nbsp; Model:AQ90 Snaga:1,1kw\/230V Hmax:62 m Qmax:3m3\/h","og_url":"https:\/\/aquasystembih.com\/index.php\/product\/aqua\/","og_site_name":"AQUA SYSTEM","article_publisher":"https:\/\/www.facebook.com\/aquasystemdoo","article_modified_time":"2022-08-01T11:13:51+00:00","og_image":[{"width":741,"height":573,"url":"https:\/\/aquasystembih.com\/wp-content\/uploads\/2021\/12\/Jednostepena-pumpa1-4.jpg","type":"image\/jpeg"}],"twitter_card":"summary_large_image","schema":{"@context":"https:\/\/schema.org","@graph":[{"@type":"WebPage","@id":"https:\/\/aquasystembih.com\/index.php\/product\/aqua\/","url":"https:\/\/aquasystembih.com\/index.php\/product\/aqua\/","name":"AQUA - AQUA SYSTEM","isPartOf":{"@id":"https:\/\/aquasystembih.com\/#website"},"primaryImageOfPage":{"@id":"https:\/\/aquasystembih.com\/index.php\/product\/aqua\/#primaryimage"},"image":{"@id":"https:\/\/aquasystembih.com\/index.php\/product\/aqua\/#primaryimage"},"thumbnailUrl":"https:\/\/aquasystembih.com\/wp-content\/uploads\/2021\/12\/Jednostepena-pumpa1-4.jpg","datePublished":"2021-12-07T18:56:58+00:00","dateModified":"2022-08-01T11:13:51+00:00","breadcrumb":{"@id":"https:\/\/aquasystembih.com\/index.php\/product\/aqua\/#breadcrumb"},"inLanguage":"en-US","potentialAction":[{"@type":"ReadAction","target":["https:\/\/aquasystembih.com\/index.php\/product\/aqua\/"]}]},{"@type":"ImageObject","inLanguage":"en-US","@id":"https:\/\/aquasystembih.com\/index.php\/product\/aqua\/#primaryimage","url":"https:\/\/aquasystembih.com\/wp-content\/uploads\/2021\/12\/Jednostepena-pumpa1-4.jpg","contentUrl":"https:\/\/aquasystembih.com\/wp-content\/uploads\/2021\/12\/Jednostepena-pumpa1-4.jpg","width":741,"height":573},{"@type":"BreadcrumbList","@id":"https:\/\/aquasystembih.com\/index.php\/product\/aqua\/#breadcrumb","itemListElement":[{"@type":"ListItem","position":1,"name":"Home","item":"https:\/\/aquasystembih.com\/"},{"@type":"ListItem","position":2,"name":"Shop","item":"https:\/\/aquasystembih.com\/index.php\/shop\/"},{"@type":"ListItem","position":3,"name":"AQUA"}]},{"@type":"WebSite","@id":"https:\/\/aquasystembih.com\/#website","url":"https:\/\/aquasystembih.com\/","name":"Aqua System","description":"SHOWROOM","potentialAction":[{"@type":"SearchAction","target":{"@type":"EntryPoint","urlTemplate":"https:\/\/aquasystembih.com\/?s={search_term_string}"},"query-input":{"@type":"PropertyValueSpecification","valueRequired":true,"valueName":"search_term_string"}}],"inLanguage":"en-US"}]}},"_links":{"self":[{"href":"https:\/\/aquasystembih.com\/index.php\/wp-json\/wp\/v2\/product\/2400","targetHints":{"allow":["GET"]}}],"collection":[{"href":"https:\/\/aquasystembih.com\/index.php\/wp-json\/wp\/v2\/product"}],"about":[{"href":"https:\/\/aquasystembih.com\/index.php\/wp-json\/wp\/v2\/types\/product"}],"wp:featuredmedia":[{"embeddable":true,"href":"https:\/\/aquasystembih.com\/index.php\/wp-json\/wp\/v2\/media\/4889"}],"wp:attachment":[{"href":"https:\/\/aquasystembih.com\/index.php\/wp-json\/wp\/v2\/media?parent=2400"}],"wp:term":[{"taxonomy":"product_cat","embeddable":true,"href":"https:\/\/aquasystembih.com\/index.php\/wp-json\/wp\/v2\/product_cat?post=2400"},{"taxonomy":"product_tag","embeddable":true,"href":"https:\/\/aquasystembih.com\/index.php\/wp-json\/wp\/v2\/product_tag?post=2400"}],"curies":[{"name":"wp","href":"https:\/\/api.w.org\/{rel}","templated":true}]}}